{"id":100,"date":"2022-07-31T16:21:38","date_gmt":"2022-07-31T16:21:38","guid":{"rendered":"https:\/\/webredox.net\/demo\/wp\/travol\/?page_id=100"},"modified":"2024-03-07T14:49:58","modified_gmt":"2024-03-07T13:49:58","slug":"o-nas","status":"publish","type":"page","link":"https:\/\/www.travelmind.pl\/en\/o-nas\/","title":{"rendered":"O nas"},"content":{"rendered":"<div data-elementor-type=\"wp-page\" data-elementor-id=\"100\" class=\"elementor elementor-100\" data-elementor-post-type=\"page\">\n\t\t\t\t\t\t<section class=\"elementor-section elementor-top-section elementor-element elementor-element-3b9c4928 elementor-section-boxed elementor-section-height-default elementor-section-height-default\" data-id=\"3b9c4928\" data-element_type=\"section\" data-e-type=\"section\">\n\t\t\t\t\t\t<div class=\"elementor-container elementor-column-gap-narrow\">\n\t\t\t\t\t<div class=\"elementor-column elementor-col-100 elementor-top-column elementor-element elementor-element-2895e317\" data-id=\"2895e317\" data-element_type=\"column\" data-e-type=\"column\">\n\t\t\t<div class=\"elementor-widget-wrap elementor-element-populated\">\n\t\t\t\t\t\t<div class=\"elementor-section elementor-inner-section elementor-element elementor-element-689fa4f7 elementor-section-full_width elementor-section-height-default elementor-section-height-default\" data-id=\"689fa4f7\" data-element_type=\"section\" data-e-type=\"section\">\n\t\t\t\t\t\t<div class=\"elementor-container elementor-column-gap-default\">\n\t\t\t\t\t<div class=\"elementor-column elementor-col-33 elementor-inner-column elementor-element elementor-element-de22d15\" data-id=\"de22d15\" data-element_type=\"column\" data-e-type=\"column\" data-settings=\"{&quot;animation&quot;:&quot;none&quot;}\">\n\t\t\t<div class=\"elementor-widget-wrap elementor-element-populated\">\n\t\t\t\t\t\t<div class=\"elementor-element elementor-element-4b641bee elementor-widget__width-initial elementor-widget elementor-widget-text-editor\" data-id=\"4b641bee\" data-element_type=\"widget\" data-e-type=\"widget\" data-settings=\"{&quot;_animation&quot;:&quot;none&quot;}\" data-widget_type=\"text-editor.default\">\n\t\t\t\t<div class=\"elementor-widget-container\">\n\t\t\t\t\t\t\t\t\t<p><span id=\"docs-internal-guid-6da1e924-7fff-26a9-c3a9-3f2ea176ce0d\"><span style=\"font-size: 11pt; font-family: Arial, sans-serif; color: #000000; font-variant-numeric: normal; font-variant-east-asian: normal; font-variant-alternates: normal; font-variant-position: normal; vertical-align: baseline; white-space-collapse: preserve;\">Po ponad dekadzie dzia\u0142alno\u015bci w turystyce biznesowej postanowi\u0142em za\u0142o\u017cy\u0107 firm\u0119 <\/span><span style=\"font-size: 11pt; font-family: Arial, sans-serif; color: #3c78d8; font-weight: bold; font-variant-numeric: normal; font-variant-east-asian: normal; font-variant-alternates: normal; font-variant-position: normal; vertical-align: baseline; white-space-collapse: preserve;\">Travel Mind<\/span><span style=\"font-size: 11pt; font-family: Arial, sans-serif; color: #000000; font-variant-numeric: normal; font-variant-east-asian: normal; font-variant-alternates: normal; font-variant-position: normal; vertical-align: baseline; white-space-collapse: preserve;\">, dostawc\u0119 dedykowanych rozwi\u0105za\u0144 turystycznych B2B na ca\u0142ym \u015bwiecie. <\/span><span style=\"font-size: 11pt; font-family: Roboto, sans-serif; color: #0d0d0d; font-variant-numeric: normal; font-variant-east-asian: normal; font-variant-alternates: normal; font-variant-position: normal; vertical-align: baseline; white-space-collapse: preserve;\">Jako Travel Mind wsp\u00f3\u0142pracujemy z ponad 30 zaufanymi partnerami z <\/span><\/span><span style=\"background-color: var(--bs-body-bg); font-size: 11pt; font-family: Roboto, sans-serif; color: rgb(13, 13, 13); font-variant-numeric: normal; font-variant-east-asian: normal; font-variant-alternates: normal; font-variant-position: normal; vertical-align: baseline; white-space-collapse: preserve;\">5 kontynent\u00f3w, aby przygotowa\u0107 dla Ciebie wyj\u0105tkowe, spersonalizowane programy wyjazd\u00f3w motywacyjnych czy konferencji. <\/span><span style=\"background-color: var(--bs-body-bg); font-size: 11pt; font-family: Arial, sans-serif; color: rgb(0, 0, 0); font-variant-numeric: normal; font-variant-east-asian: normal; font-variant-alternates: normal; font-variant-position: normal; vertical-align: baseline; white-space-collapse: preserve;\">Nasza oferta skupia si\u0119 g\u0142\u00f3wnie na sektorze<\/span><span style=\"background-color: var(--bs-body-bg); font-size: 11pt; font-family: Arial, sans-serif; color: rgb(0, 0, 0); font-weight: bold; font-variant-numeric: normal; font-variant-east-asian: normal; font-variant-alternates: normal; font-variant-position: normal; vertical-align: baseline; white-space-collapse: preserve;\"> MICE<\/span><span style=\"background-color: var(--bs-body-bg); font-size: 11pt; font-family: Arial, sans-serif; color: rgb(0, 0, 0); font-variant-numeric: normal; font-variant-east-asian: normal; font-variant-alternates: normal; font-variant-position: normal; vertical-align: baseline; white-space-collapse: preserve;\">,  ale r\u00f3wnie\u017c na <\/span><span style=\"background-color: var(--bs-body-bg); font-size: 11pt; font-family: Arial, sans-serif; color: rgb(0, 0, 0); font-weight: bold; font-variant-numeric: normal; font-variant-east-asian: normal; font-variant-alternates: normal; font-variant-position: normal; vertical-align: baseline; white-space-collapse: preserve;\">turystyce rekreacyjnej <\/span><span style=\"background-color: var(--bs-body-bg); font-size: 11pt; font-family: Arial, sans-serif; color: rgb(0, 0, 0); font-variant-numeric: normal; font-variant-east-asian: normal; font-variant-alternates: normal; font-variant-position: normal; vertical-align: baseline; white-space-collapse: preserve;\">oraz <\/span><span style=\"background-color: var(--bs-body-bg); font-size: 11pt; font-family: Arial, sans-serif; color: rgb(0, 0, 0); font-weight: bold; font-variant-numeric: normal; font-variant-east-asian: normal; font-variant-alternates: normal; font-variant-position: normal; vertical-align: baseline; white-space-collapse: preserve;\">VIP FIT. <\/span><span style=\"background-color: var(--bs-body-bg); font-size: 11pt; font-family: Arial, sans-serif; color: rgb(0, 0, 0); font-variant-numeric: normal; font-variant-east-asian: normal; font-variant-alternates: normal; font-variant-position: normal; vertical-align: baseline; white-space-collapse: preserve;\">Organizujemy spotkania, wydarzenia bran\u017cowe, takie jak roadshows czy workshops, jak r\u00f3wnie\u017c grupy Hosted Buyers na najwa\u017cniejsze targi turystyczne. <\/span><span style=\"background-color: var(--bs-body-bg); font-size: 11pt; font-family: Roboto, sans-serif; color: rgb(13, 13, 13); font-variant-numeric: normal; font-variant-east-asian: normal; font-variant-alternates: normal; font-variant-position: normal; vertical-align: baseline; white-space-collapse: preserve;\">Do tej pory zrealizowali\u015bmy ponad 500 niezapomnianych wyjazd\u00f3w incentive i konferencji w najdalszych zak\u0105tkach \u015bwiata.  <\/span><\/p>\t\t\t\t\t\t\t\t<\/div>\n\t\t\t\t<\/div>\n\t\t\t\t\t<\/div>\n\t\t<\/div>\n\t\t\t\t<div class=\"elementor-column elementor-col-33 elementor-inner-column elementor-element elementor-element-2fd14a03\" data-id=\"2fd14a03\" data-element_type=\"column\" data-e-type=\"column\">\n\t\t\t<div class=\"elementor-widget-wrap\">\n\t\t\t\t\t\t\t<\/div>\n\t\t<\/div>\n\t\t\t\t<div class=\"elementor-column elementor-col-33 elementor-inner-column elementor-element elementor-element-2f09cefb\" data-id=\"2f09cefb\" data-element_type=\"column\" data-e-type=\"column\">\n\t\t\t<div class=\"elementor-widget-wrap elementor-element-populated\">\n\t\t\t\t\t\t<div class=\"elementor-element elementor-element-e992721 elementor-widget elementor-widget-travol-image\" data-id=\"e992721\" data-element_type=\"widget\" data-e-type=\"widget\" data-widget_type=\"travol-image.default\">\n\t\t\t\t<div class=\"elementor-widget-container\">\n\t\t\t\t\t\t\t<div class=\"about\">\r\n\t\t\t<div class=\"img-exp\">\r\n\t\t\t\t<div class=\"about-img\">\r\n\t\t\t\t\t<div class=\"img\"> <img decoding=\"async\" src=\"https:\/\/www.travelmind.pl\/wp-content\/uploads\/2023\/11\/qvd3xht9txa.jpg\" class=\"img-fluid\" alt=\"person running on road at daytime\"> <\/div>\r\n\t\t\t\t<\/div>\r\n\t\t\t\t\t\t\t<\/div>\r\n        <\/div>\r\n\t\t\r\n\t\t\r\n        \t\t\t\t<\/div>\n\t\t\t\t<\/div>\n\t\t\t\t\t<\/div>\n\t\t<\/div>\n\t\t\t\t\t<\/div>\n\t\t<\/div>\n\t\t<div class=\"elementor-element elementor-element-f14f781 e-flex e-con-boxed e-con e-parent\" data-id=\"f14f781\" data-element_type=\"container\" data-e-type=\"container\">\n\t\t\t\t\t<div class=\"e-con-inner\">\n\t\t\t\t<div class=\"elementor-element elementor-element-2e0fa82 elementor-widget elementor-widget-counter\" data-id=\"2e0fa82\" data-element_type=\"widget\" data-e-type=\"widget\" data-widget_type=\"counter.default\">\n\t\t\t\t<div class=\"elementor-widget-container\">\n\t\t\t\t\t\t\t<div class=\"elementor-counter\">\n\t\t\t<div class=\"elementor-counter-title\">Do\u015bwiadczenia<\/div>\t\t\t<div class=\"elementor-counter-number-wrapper\">\n\t\t\t\t<span class=\"elementor-counter-number-prefix\"><\/span>\n\t\t\t\t<span class=\"elementor-counter-number\" data-duration=\"2000\" data-to-value=\"12\" data-from-value=\"0\" data-delimiter=\",\">0<\/span>\n\t\t\t\t<span class=\"elementor-counter-number-suffix\"> lat<\/span>\n\t\t\t<\/div>\n\t\t<\/div>\n\t\t\t\t\t\t<\/div>\n\t\t\t\t<\/div>\n\t\t\t\t<div class=\"elementor-element elementor-element-cdf03d2 elementor-widget elementor-widget-counter\" data-id=\"cdf03d2\" data-element_type=\"widget\" data-e-type=\"widget\" data-widget_type=\"counter.default\">\n\t\t\t\t<div class=\"elementor-widget-container\">\n\t\t\t\t\t\t\t<div class=\"elementor-counter\">\n\t\t\t<div class=\"elementor-counter-title\">Realizacji<\/div>\t\t\t<div class=\"elementor-counter-number-wrapper\">\n\t\t\t\t<span class=\"elementor-counter-number-prefix\"><\/span>\n\t\t\t\t<span class=\"elementor-counter-number\" data-duration=\"2000\" data-to-value=\"500\" data-from-value=\"0\" data-delimiter=\",\">0<\/span>\n\t\t\t\t<span class=\"elementor-counter-number-suffix\">+<\/span>\n\t\t\t<\/div>\n\t\t<\/div>\n\t\t\t\t\t\t<\/div>\n\t\t\t\t<\/div>\n\t\t\t\t<div class=\"elementor-element elementor-element-9916df2 elementor-widget elementor-widget-counter\" data-id=\"9916df2\" data-element_type=\"widget\" data-e-type=\"widget\" data-widget_type=\"counter.default\">\n\t\t\t\t<div class=\"elementor-widget-container\">\n\t\t\t\t\t\t\t<div class=\"elementor-counter\">\n\t\t\t<div class=\"elementor-counter-title\">Partner\u00f3w<\/div>\t\t\t<div class=\"elementor-counter-number-wrapper\">\n\t\t\t\t<span class=\"elementor-counter-number-prefix\"><\/span>\n\t\t\t\t<span class=\"elementor-counter-number\" data-duration=\"2000\" data-to-value=\"30\" data-from-value=\"0\" data-delimiter=\",\">0<\/span>\n\t\t\t\t<span class=\"elementor-counter-number-suffix\"><\/span>\n\t\t\t<\/div>\n\t\t<\/div>\n\t\t\t\t\t\t<\/div>\n\t\t\t\t<\/div>\n\t\t\t\t<div class=\"elementor-element elementor-element-54ec4ee elementor-widget elementor-widget-counter\" data-id=\"54ec4ee\" data-element_type=\"widget\" data-e-type=\"widget\" data-widget_type=\"counter.default\">\n\t\t\t\t<div class=\"elementor-widget-container\">\n\t\t\t\t\t\t\t<div class=\"elementor-counter\">\n\t\t\t<div class=\"elementor-counter-title\">Klient\u00f3w<\/div>\t\t\t<div class=\"elementor-counter-number-wrapper\">\n\t\t\t\t<span class=\"elementor-counter-number-prefix\"><\/span>\n\t\t\t\t<span class=\"elementor-counter-number\" data-duration=\"2000\" data-to-value=\"3000\" data-from-value=\"0\">0<\/span>\n\t\t\t\t<span class=\"elementor-counter-number-suffix\">+<\/span>\n\t\t\t<\/div>\n\t\t<\/div>\n\t\t\t\t\t\t<\/div>\n\t\t\t\t<\/div>\n\t\t\t\t\t<\/div>\n\t\t\t\t<\/div>\n\t\t\t\t\t<\/div>\n\t\t<\/div>\n\t\t\t\t\t<\/div>\n\t\t<\/section>\n\t\t\t\t<section class=\"elementor-section elementor-top-section elementor-element elementor-element-56042a3 elementor-section-boxed elementor-section-height-default elementor-section-height-default\" data-id=\"56042a3\" data-element_type=\"section\" data-e-type=\"section\" data-settings=\"{&quot;background_background&quot;:&quot;classic&quot;}\">\n\t\t\t\t\t\t<div class=\"elementor-container elementor-column-gap-narrow\">\n\t\t\t\t\t<div class=\"elementor-column elementor-col-100 elementor-top-column elementor-element elementor-element-0bd4c24\" data-id=\"0bd4c24\" data-element_type=\"column\" data-e-type=\"column\">\n\t\t\t<div class=\"elementor-widget-wrap elementor-element-populated\">\n\t\t\t\t\t\t<div class=\"elementor-section elementor-inner-section elementor-element elementor-element-123cebc elementor-section-full_width elementor-section-height-default elementor-section-height-default\" data-id=\"123cebc\" data-element_type=\"section\" data-e-type=\"section\">\n\t\t\t\t\t\t<div class=\"elementor-container elementor-column-gap-default\">\n\t\t\t\t\t<div class=\"elementor-column elementor-col-100 elementor-inner-column elementor-element elementor-element-f4eafc9\" data-id=\"f4eafc9\" data-element_type=\"column\" data-e-type=\"column\">\n\t\t\t<div class=\"elementor-widget-wrap\">\n\t\t\t\t\t\t\t<\/div>\n\t\t<\/div>\n\t\t\t\t\t<\/div>\n\t\t<\/div>\n\t\t\t\t<div class=\"elementor-section elementor-inner-section elementor-element elementor-element-3c0ebc0 elementor-section-full_width elementor-section-height-default elementor-section-height-default\" data-id=\"3c0ebc0\" data-element_type=\"section\" data-e-type=\"section\">\n\t\t\t\t\t\t<div class=\"elementor-container elementor-column-gap-default\">\n\t\t\t\t\t<div class=\"elementor-column elementor-col-33 elementor-inner-column elementor-element elementor-element-8743b13\" data-id=\"8743b13\" data-element_type=\"column\" data-e-type=\"column\">\n\t\t\t<div class=\"elementor-widget-wrap elementor-element-populated\">\n\t\t\t\t\t\t<div class=\"elementor-element elementor-element-dc3c8de elementor-widget elementor-widget-travol-team\" data-id=\"dc3c8de\" data-element_type=\"widget\" data-e-type=\"widget\" data-widget_type=\"travol-team.default\">\n\t\t\t\t<div class=\"elementor-widget-container\">\n\t\t\t\t\t\t\t\t\t<div class=\"team\">\t\n\t\t\t<div class=\"team-card mb-30\">\n                <div class=\"team-img\"><img decoding=\"async\" src=\"https:\/\/www.travelmind.pl\/wp-content\/uploads\/2023\/10\/michal-maziarczyk-scaled.jpg\" alt=\"https:\/\/www.travelmind.pl\/wp-content\/uploads\/2023\/10\/michal-maziarczyk-scaled.jpg\" class=\"w-100\"><\/div>\n                    \t\t\t\t\t<div class=\"team-content\">\n\t\t\t\t\t\t<h3 class=\"team-title\">Micha\u0142 Maziarczyk<span>Za\u0142o\u017cyciel<\/span><\/h3>\n\t\t\t\t\t\t\t\t\t\t\t\t<div class=\"social\">\n\t\t\t\t\t\t\t<div class=\"full-width\">\n\t\t\t\t\t\t\t\t\t\t\t\t\t\t\t\t\t\t\t\t\t\t\t\t\t\t\t\t\t\t<a href=\"https:\/\/www.linkedin.com\/in\/micha%C5%82-maziarczyk\/\" target=\"_blank\">\n\t\t\t\t\t\t\t\t\t\t\t\t\t\t\t\t<i class=\"ti-linkedin\"><\/i>\n\t\t\t\t\t\t\t\t\t\t\t\t\t\t\t\t<\/a>\n\t\t\t\t\t\t\t\t\t\t\t\t\t\t\t\t\t\t\t\t\t\t\t\t\t\t\t\t\t\t\t\t\t\t\t\t\t\t\t\t\t\t\t\t\t<a href=\"https:\/\/www.facebook.com\/Maziaro\" target=\"_blank\">\n\t\t\t\t\t\t\t\t\t\t\t\t\t\t\t\t<i class=\"ti-facebook\"><\/i>\n\t\t\t\t\t\t\t\t\t\t\t\t\t\t\t\t<\/a>\n\t\t\t\t\t\t\t\t\t\t\t\t\t\t\t\t\t\t\t\t\t\t\t\t\t\t\t\t\t\t\t\t\t\t\t\t\t\t\t\t\t\t\t\t\t<a href=\"mailto:m.maziarczyk@travelmind.pl\" target=\"_blank\">\n\t\t\t\t\t\t\t\t\t\t\t\t\t\t\t\t<i class=\"ti-email\"><\/i>\n\t\t\t\t\t\t\t\t\t\t\t\t\t\t\t\t<\/a>\n\t\t\t\t\t\t\t\t\t\t\t\t\t\t\t\t\t\t\t\t\t\t\t\t\t\t\t\t\t<\/div>\n\t\t\t\t\t\t<\/div>\n                    <\/div>\n\t\t\t\t\t\t\t\t\t\t                    <div class=\"title-box\">\n                        <h3 class=\"mb-0\">Micha\u0142 Maziarczyk<span>Za\u0142o\u017cyciel<\/span><\/h3>\n                    <\/div>\n\t\t\t\t\t            <\/div>\n\t\t<\/div>\n\t\t        \t\t\t\t<\/div>\n\t\t\t\t<\/div>\n\t\t\t\t\t<\/div>\n\t\t<\/div>\n\t\t\t\t<div class=\"elementor-column elementor-col-66 elementor-inner-column elementor-element elementor-element-b2c3187\" data-id=\"b2c3187\" data-element_type=\"column\" data-e-type=\"column\">\n\t\t\t<div class=\"elementor-widget-wrap elementor-element-populated\">\n\t\t\t\t\t\t<div class=\"elementor-element elementor-element-87f9a5d elementor-widget elementor-widget-travol-sec-title\" data-id=\"87f9a5d\" data-element_type=\"widget\" data-e-type=\"widget\" data-widget_type=\"travol-sec-title.default\">\n\t\t\t\t<div class=\"elementor-widget-container\">\n\t\t\t\t\t\t\t<div class=\"about text-left\">\n\t\t\t\t\t\t<h3 class=\"section-subtitle\">za\u0142o\u017cyciel TravelMind<\/h3>\n\t\t\t\t\t\t            <h2 class=\"section-title\">Micha\u0142 Maziarczyk<\/h2>\n\t\t\t\t\t<\/div>\n\t\t\t\t\t\t<\/div>\n\t\t\t\t<\/div>\n\t\t\t\t<div class=\"elementor-element elementor-element-a32b6fa elementor-widget elementor-widget-text-editor\" data-id=\"a32b6fa\" data-element_type=\"widget\" data-e-type=\"widget\" data-widget_type=\"text-editor.default\">\n\t\t\t\t<div class=\"elementor-widget-container\">\n\t\t\t\t\t\t\t\t\t<p dir=\"ltr\" style=\"line-height: 1.7999999999999998; margin-top: 0pt; margin-bottom: 0pt;\"><span style=\"font-size: 11pt; font-family: Arial,sans-serif; color: #000000; background-color: transparent; font-weight: 400; font-style: normal; font-variant: normal; text-decoration: none; vertical-align: baseline; white-space: pre-wrap;\">j<\/span><span style=\"background-color: transparent; color: rgb(255, 255, 255); font-family: Arial, sans-serif; font-size: 11pt; white-space-collapse: preserve;\">jestem do\u015bwiadczonym specjalist\u0105 w bran\u017cy turystycznej, z kt\u00f3r\u0105 zwi\u0105za\u0142em si\u0119 ponad 12 lat temu. Swoj\u0105 przygod\u0119 rozpocz\u0105\u0142em jako Project Manager w czo\u0142owej firmie organizuj\u0105cej wyjazdy motywacyjne &#8211; ICP Group. Moja kariera nabra\u0142a tempa, gdy jako aktywny cz\u0142onek stowarzyszenia MPI uczestniczy\u0142em w konkursie Future Leaders Forum i jako pierwszy student z Polski, zdoby\u0142em presti\u017cow\u0105 nagrod\u0119 MPI Foundation Youth Award. W p\u00f3\u017aniejszym okresie pracowa\u0142em jako group leader dla niemieckiej firmy Sprachcaffe na Malcie, w Brighton i podczas Mistrzostw Europy w Pi\u0142ce No\u017cnej 2012 dla Castrola. By\u0142em r\u00f3wnie\u017c odpowiedzialny za pion logistyki na kongresie COP19 organizowanym z ramienia ONZ. Przez 7 lat promowa\u0142em firm\u0119 Liberty International Tourism Group &#8211; globalne DMC maj\u0105ce w swoim portfolio ponad 90 kierunk\u00f3w i tysi\u0105ce udanych realizacji, w\u0142\u0105cznie z tymi najwi\u0119kszymi na ponad 5 000 os\u00f3b. Jako Dyrektor Sprzeda\u017cy na rynku polskim i kraj\u00f3w ba\u0142tyckim reprezentowa\u0142em LITG podczas spotka\u0144 bran\u017cowych, warsztat\u00f3w i targ\u00f3w mi\u0119dzynarodowych.<\/span><\/p>\n<p dir=\"ltr\" style=\"line-height: 1.7999999999999998; margin-top: 0pt; margin-bottom: 0pt;\"><span><span style=\"font-size: 11pt; font-family: Arial, sans-serif; color: rgb(255, 255, 255); background-color: transparent; font-variant-numeric: normal; font-variant-east-asian: normal; font-variant-alternates: normal; font-variant-position: normal; vertical-align: baseline; white-space-collapse: preserve;\"><br><\/span><\/span><\/p><p dir=\"ltr\" style=\"line-height: 1.7999999999999998; margin-top: 0pt; margin-bottom: 0pt;\"><span><span style=\"font-size: 11pt; font-family: Arial, sans-serif; color: rgb(255, 255, 255); background-color: transparent; font-variant-numeric: normal; font-variant-east-asian: normal; font-variant-alternates: normal; font-variant-position: normal; vertical-align: baseline; white-space-collapse: preserve;\">W 2023 roku postanowi\u0142em podj\u0105\u0107 nowe wyzwanie. Za\u0142o\u017cy\u0142em firm\u0119 Travel Mind, kt\u00f3ra reprezentuje 30+ partner\u00f3w DMC. Wsp\u00f3lnie organizujemy niezapomniane wydarzenia i wyjazdy dla klient\u00f3w korporacyjnych. Prywatnie jestem pasjonatem podr\u00f3\u017cy i regularnie pinezkami na mapie zaznaczam kolejne odwiedzone kraje. Uwielbiam sport &#8211; szczeg\u00f3lnie tenis, padla, siatk\u00f3wk\u0119 i p\u0142ywanie.<\/span><\/span><span style=\"background-color: transparent; color: rgb(255, 255, 255); font-family: Arial, sans-serif; font-size: 11pt; white-space-collapse: preserve;\"><br><\/span><\/p>\n<div><p><span style=\"font-size: 11pt; font-family: Arial, sans-serif; color: rgb(255, 255, 255); background-color: transparent; font-variant-numeric: normal; font-variant-east-asian: normal; font-variant-alternates: normal; font-variant-position: normal; vertical-align: baseline; white-space-collapse: preserve;\"><span><\/span><\/span><\/p>\n<p dir=\"ltr\" style=\"line-height:1.7999999999999998;margin-top:0pt;margin-bottom:0pt;\"><br><\/p>\n<div><span style=\"font-size: 11pt; font-family: Arial, sans-serif; color: rgb(255, 255, 255); background-color: transparent; font-variant-numeric: normal; font-variant-east-asian: normal; font-variant-alternates: normal; font-variant-position: normal; vertical-align: baseline;\"><br><\/span><\/div>\n<p><\/p><\/div>\n<p><\/p>\t\t\t\t\t\t\t\t<\/div>\n\t\t\t\t<\/div>\n\t\t\t\t\t<\/div>\n\t\t<\/div>\n\t\t\t\t\t<\/div>\n\t\t<\/div>\n\t\t\t\t\t<\/div>\n\t\t<\/div>\n\t\t\t\t\t<\/div>\n\t\t<\/section>\n\t\t\t\t<\/div>","protected":false},"excerpt":{"rendered":"<p>Po ponad dekadzie dzia\u0142alno\u015bci w turystyce biznesowej postanowi\u0142em za\u0142o\u017cy\u0107 firm\u0119 Travel Mind, dostawc\u0119 dedykowanych rozwi\u0105za\u0144 turystycznych B2B na ca\u0142ym \u015bwiecie. Jako Travel Mind wsp\u00f3\u0142pracujemy z ponad 30 zaufanymi partnerami z 5 kontynent\u00f3w, aby przygotowa\u0107 dla Ciebie wyj\u0105tkowe, spersonalizowane programy wyjazd\u00f3w motywacyjnych czy konferencji. Nasza&#8230;<\/p>","protected":false},"author":2,"featured_media":0,"parent":0,"menu_order":0,"comment_status":"closed","ping_status":"closed","template":"elementor_theme","meta":{"footnotes":""},"class_list":["post-100","page","type-page","status-publish","hentry"],"meta_box":[],"_links":{"self":[{"href":"https:\/\/www.travelmind.pl\/en\/wp-json\/wp\/v2\/pages\/100","targetHints":{"allow":["GET"]}}],"collection":[{"href":"https:\/\/www.travelmind.pl\/en\/wp-json\/wp\/v2\/pages"}],"about":[{"href":"https:\/\/www.travelmind.pl\/en\/wp-json\/wp\/v2\/types\/page"}],"author":[{"embeddable":true,"href":"https:\/\/www.travelmind.pl\/en\/wp-json\/wp\/v2\/users\/2"}],"replies":[{"embeddable":true,"href":"https:\/\/www.travelmind.pl\/en\/wp-json\/wp\/v2\/comments?post=100"}],"version-history":[{"count":34,"href":"https:\/\/www.travelmind.pl\/en\/wp-json\/wp\/v2\/pages\/100\/revisions"}],"predecessor-version":[{"id":2603,"href":"https:\/\/www.travelmind.pl\/en\/wp-json\/wp\/v2\/pages\/100\/revisions\/2603"}],"wp:attachment":[{"href":"https:\/\/www.travelmind.pl\/en\/wp-json\/wp\/v2\/media?parent=100"}],"curies":[{"name":"wp","href":"https:\/\/api.w.org\/{rel}","templated":true}]}}